{"id":731,"date":"2018-06-28T01:14:41","date_gmt":"2018-06-28T04:14:41","guid":{"rendered":"https:\/\/isfdyt44-bue.infd.edu.ar\/sitio\/datos-institucionales\/"},"modified":"2023-09-02T16:10:38","modified_gmt":"2023-09-02T19:10:38","slug":"datos-institucionales","status":"publish","type":"page","link":"https:\/\/isfdyt44-bue.infd.edu.ar\/sitio\/datos-institucionales\/","title":{"rendered":"Datos institucionales"},"content":{"rendered":"<blockquote><p><span style=\"font-family: verdana; font-size: small;\">En esta p\u00e1gina ir\u00e1n los datos institucionales:<\/span><\/p>\n<ul>\n<li>INSTITUTO SUPERIOR DE FORMACI\u00d3N DOCENTE Y TECNICA N\u00b0 44<\/li>\n<li><strong><span style=\"font-family: verdana; font-size: small;\">DE 8HS A 22HS<\/span><\/strong><\/li>\n<li>JUEZ DUMONT 900<\/li>\n<li><span style=\"font-family: verdana; font-size: small;\">Tel\u00e9fonos<\/span><\/li>\n<li><span style=\"font-family: verdana; font-size: small;\">E-mail de consultas<\/span><\/li>\n<li>https:\/\/isfdyt44-bue.infd.edu.ar\/aula\/escritorio.cgi<\/li>\n<\/ul>\n<\/blockquote>\n","protected":false},"excerpt":{"rendered":"<p>En esta p\u00e1gina ir\u00e1n los datos institucionales: INSTITUTO SUPERIOR DE FORMACI\u00d3N DOCENTE Y TECNICA N\u00b0 44 DE 8HS A 22HS JUEZ DUMONT 900 Tel\u00e9fonos E-mail de consultas https:\/\/isfdyt44-bue.infd.edu.ar\/aula\/escritorio.cgi<\/p>\n","protected":false},"author":8,"featured_media":0,"parent":0,"menu_order":0,"comment_status":"closed","ping_status":"closed","template":"","meta":[],"acf":[],"_links":{"self":[{"href":"https:\/\/isfdyt44-bue.infd.edu.ar\/sitio\/wp-json\/wp\/v2\/pages\/731"}],"collection":[{"href":"https:\/\/isfdyt44-bue.infd.edu.ar\/sitio\/wp-json\/wp\/v2\/pages"}],"about":[{"href":"https:\/\/isfdyt44-bue.infd.edu.ar\/sitio\/wp-json\/wp\/v2\/types\/page"}],"author":[{"embeddable":true,"href":"https:\/\/isfdyt44-bue.infd.edu.ar\/sitio\/wp-json\/wp\/v2\/users\/8"}],"replies":[{"embeddable":true,"href":"https:\/\/isfdyt44-bue.infd.edu.ar\/sitio\/wp-json\/wp\/v2\/comments?post=731"}],"version-history":[{"count":1,"href":"https:\/\/isfdyt44-bue.infd.edu.ar\/sitio\/wp-json\/wp\/v2\/pages\/731\/revisions"}],"predecessor-version":[{"id":834,"href":"https:\/\/isfdyt44-bue.infd.edu.ar\/sitio\/wp-json\/wp\/v2\/pages\/731\/revisions\/834"}],"wp:attachment":[{"href":"https:\/\/isfdyt44-bue.infd.edu.ar\/sitio\/wp-json\/wp\/v2\/media?parent=731"}],"curies":[{"name":"wp","href":"https:\/\/api.w.org\/{rel}","templated":true}]}}